{"id":513,"date":"2023-11-23T15:33:07","date_gmt":"2023-11-23T15:33:07","guid":{"rendered":"https:\/\/www.thememoryroad.com\/?page_id=513"},"modified":"2026-02-17T15:01:32","modified_gmt":"2026-02-17T14:01:32","slug":"reservation","status":"publish","type":"page","link":"https:\/\/www.thememoryroad.com\/fr\/reservation\/","title":{"rendered":"R\u00e9servation"},"content":{"rendered":"\t\t<div data-elementor-type=\"wp-page\" data-elementor-id=\"513\" class=\"elementor elementor-513\" data-elementor-settings=\"{&quot;element_pack_global_tooltip_width&quot;:{&quot;unit&quot;:&quot;px&quot;,&quot;size&quot;:&quot;&quot;,&quot;sizes&quot;:[]},&quot;element_pack_global_tooltip_width_tablet&quot;:{&quot;unit&quot;:&quot;px&quot;,&quot;size&quot;:&quot;&quot;,&quot;sizes&quot;:[]},&quot;element_pack_global_tooltip_width_mobile&quot;:{&quot;unit&quot;:&quot;px&quot;,&quot;size&quot;:&quot;&quot;,&quot;sizes&quot;:[]},&quot;element_pack_global_tooltip_padding&quot;:{&quot;unit&quot;:&quot;px&quot;,&quot;top&quot;:&quot;&quot;,&quot;right&quot;:&quot;&quot;,&quot;bottom&quot;:&quot;&quot;,&quot;left&quot;:&quot;&quot;,&quot;isLinked&quot;:true},&quot;element_pack_global_tooltip_padding_tablet&quot;:{&quot;unit&quot;:&quot;px&quot;,&quot;top&quot;:&quot;&quot;,&quot;right&quot;:&quot;&quot;,&quot;bottom&quot;:&quot;&quot;,&quot;left&quot;:&quot;&quot;,&quot;isLinked&quot;:true},&quot;element_pack_global_tooltip_padding_mobile&quot;:{&quot;unit&quot;:&quot;px&quot;,&quot;top&quot;:&quot;&quot;,&quot;right&quot;:&quot;&quot;,&quot;bottom&quot;:&quot;&quot;,&quot;left&quot;:&quot;&quot;,&quot;isLinked&quot;:true},&quot;element_pack_global_tooltip_border_radius&quot;:{&quot;unit&quot;:&quot;px&quot;,&quot;top&quot;:&quot;&quot;,&quot;right&quot;:&quot;&quot;,&quot;bottom&quot;:&quot;&quot;,&quot;left&quot;:&quot;&quot;,&quot;isLinked&quot;:true},&quot;element_pack_global_tooltip_border_radius_tablet&quot;:{&quot;unit&quot;:&quot;px&quot;,&quot;top&quot;:&quot;&quot;,&quot;right&quot;:&quot;&quot;,&quot;bottom&quot;:&quot;&quot;,&quot;left&quot;:&quot;&quot;,&quot;isLinked&quot;:true},&quot;element_pack_global_tooltip_border_radius_mobile&quot;:{&quot;unit&quot;:&quot;px&quot;,&quot;top&quot;:&quot;&quot;,&quot;right&quot;:&quot;&quot;,&quot;bottom&quot;:&quot;&quot;,&quot;left&quot;:&quot;&quot;,&quot;isLinked&quot;:true}}\" data-elementor-post-type=\"page\">\n\t\t\t\t\t\t<section class=\"elementor-section elementor-top-section elementor-element elementor-element-6721988 elementor-section-height-min-height elementor-section-boxed elementor-section-height-default elementor-section-items-middle\" data-id=\"6721988\" data-element_type=\"section\" data-e-type=\"section\" data-settings=\"{&quot;background_background&quot;:&quot;classic&quot;}\">\n\t\t\t\t\t\t\t<div class=\"elementor-background-overlay\"><\/div>\n\t\t\t\t\t\t\t<div class=\"elementor-container elementor-column-gap-default\">\n\t\t\t\t\t<div class=\"elementor-column elementor-col-100 elementor-top-column elementor-element elementor-element-9ba9045\" data-id=\"9ba9045\" data-element_type=\"column\" data-e-type=\"column\">\n\t\t\t<div class=\"elementor-widget-wrap elementor-element-populated\">\n\t\t\t\t\t\t<div class=\"elementor-element elementor-element-6325833 elementor-widget elementor-widget-heading\" data-id=\"6325833\" data-element_type=\"widget\" data-e-type=\"widget\" data-widget_type=\"heading.default\">\n\t\t\t\t<div class=\"elementor-widget-container\">\n\t\t\t\t\t<h1 class=\"elementor-heading-title elementor-size-default\">R\u00e9servation<\/h1>\t\t\t\t<\/div>\n\t\t\t\t<\/div>\n\t\t\t\t\t<\/div>\n\t\t<\/div>\n\t\t\t\t\t<\/div>\n\t\t<\/section>\n\t\t\t\t<section class=\"elementor-section elementor-top-section elementor-element elementor-element-83d65e7 elementor-section-boxed elementor-section-height-default elementor-section-height-default\" data-id=\"83d65e7\" data-element_type=\"section\" data-e-type=\"section\">\n\t\t\t\t\t\t<div class=\"elementor-container elementor-column-gap-default\">\n\t\t\t\t\t<div class=\"elementor-column elementor-col-100 elementor-top-column elementor-element elementor-element-0f5ee6a\" data-id=\"0f5ee6a\" data-element_type=\"column\" data-e-type=\"column\">\n\t\t\t<div class=\"elementor-widget-wrap elementor-element-populated\">\n\t\t\t\t\t\t<div class=\"elementor-element elementor-element-b67b640 elementor-widget elementor-widget-text-editor\" data-id=\"b67b640\" data-element_type=\"widget\" data-e-type=\"widget\" data-widget_type=\"text-editor.default\">\n\t\t\t\t<div class=\"elementor-widget-container\">\n\t\t\t\t\t\t\t\t\t<p>The Memory Road se vit en totale exclusivit\u00e9 que ce soit en famille, en couple ou entour\u00e9 de quelques amis. Vous serez seuls au monde durant l\u2019int\u00e9gralit\u00e9 de votre itin\u00e9rance, uniquement accompagn\u00e9 de votre butler d\u00e9di\u00e9.<\/p>\n<p>Avant toute r\u00e9servation, n\u2019h\u00e9sitez pas \u00e0 solliciter notre \u00e9quipe pour un \u00e9change t\u00e9l\u00e9phonique. Nous sommes l\u00e0 pour vous \u00e9clairer et r\u00e9pondre \u00e0 toutes vos questions.<\/p>\n<p>Sit\u00f4t votre s\u00e9jour confirm\u00e9, notre ma\u00eetre de route prendra contact avec vous pour r\u00e9gler les derniers d\u00e9tails avant d\u2019embarquer. Mais ce dernier est \u00e9galement l\u00e0 pour vous \u00e9clairer et r\u00e9pondre \u00e0 vos questions avant toute r\u00e9servation. N\u2019h\u00e9sitez pas \u00e0 solliciter notre \u00e9quipe pour un \u00e9change t\u00e9l\u00e9phonique avec lui.<\/p>\n<p>Tout au long de l\u2019itin\u00e9raire, vous n\u2019avez pas le choix. C\u2019est vous qui d\u00e9cidez de tout : pas d\u2019horaires impos\u00e9s, des d\u00e9jeuners l\u00e0 o\u00f9 vous le d\u00e9sirez, aucune activit\u00e9 obligatoire. Pas de check-in, pas de mini-bar, pas de limite. On ne vous dira jamais non, ou presque.<\/p>\n<p>Envie de prolonger votre itin\u00e9rance ?<\/p>\n<p>Certaines des maisons de la route \u2014 Arganiers, Oasis, Tamri \u2014 restent ouvertes toute l\u2019ann\u00e9e.<\/p>\n<p>Vous pouvez \u00e9galement clore votre s\u00e9jour en posant vos valises \u00e0 Dar Ahlam, notre casbah traditionnelle dans la palmeraie de Skoura, pr\u00e8s de Ouarzazate. Une maison des r\u00eaves dans un jardin des d\u00e9lices <a href=\"http:\/\/www.darahlam.com\">www.darahlam.com<\/a><\/p>\n<p>C\u00f4t\u00e9 tarifs, comptez 1250 euros par nuit et par personne.<\/p>\n<p>Ce prix comprend les transferts depuis l\u2019a\u00e9roport, un v\u00e9hicule 4x4 climatis\u00e9 avec chauffeur pour deux personnes, toutes les activit\u00e9s et excursions organis\u00e9es le long du parcours, ainsi que la pension compl\u00e8te et les boissons (softs, vins et alcools).<\/p>\t\t\t\t\t\t\t\t<\/div>\n\t\t\t\t<\/div>\n\t\t\t\t<div class=\"elementor-element elementor-element-11ff1e3 elementor-align-center elementor-widget elementor-widget-button\" data-id=\"11ff1e3\" data-element_type=\"widget\" data-e-type=\"widget\" data-widget_type=\"button.default\">\n\t\t\t\t<div class=\"elementor-widget-container\">\n\t\t\t\t\t\t\t\t\t<div class=\"elementor-button-wrapper\">\n\t\t\t\t\t<a class=\"elementor-button elementor-button-link elementor-size-md\" href=\"mailto:contact@700000heuresimpact.com?subject=Reservation\">\n\t\t\t\t\t\t<span class=\"elementor-button-content-wrapper\">\n\t\t\t\t\t\t\t\t\t<span class=\"elementor-button-text\">Faire une r\u00e9servation<\/span>\n\t\t\t\t\t<\/span>\n\t\t\t\t\t<\/a>\n\t\t\t\t<\/div>\n\t\t\t\t\t\t\t\t<\/div>\n\t\t\t\t<\/div>\n\t\t\t\t\t<\/div>\n\t\t<\/div>\n\t\t\t\t\t<\/div>\n\t\t<\/section>\n\t\t\t\t<\/div>\n\t\t","protected":false},"excerpt":{"rendered":"<p>R\u00e9servation The Memory Road se vit en totale exclusivit\u00e9 que ce soit en famille, en couple ou entour\u00e9 de quelques amis. Vous serez seuls au monde durant l\u2019int\u00e9gralit\u00e9 de votre itin\u00e9rance, uniquement accompagn\u00e9 de votre butler d\u00e9di\u00e9. Avant toute r\u00e9servation, n\u2019h\u00e9sitez pas \u00e0 solliciter notre \u00e9quipe pour un \u00e9change t\u00e9l\u00e9phonique. Nous sommes l\u00e0 pour vous [\u2026]<\/p>\n","protected":false},"author":1,"featured_media":0,"parent":0,"menu_order":0,"comment_status":"closed","ping_status":"closed","template":"","meta":{"_seopress_robots_primary_cat":"","_seopress_titles_title":"","_seopress_titles_desc":"","_seopress_robots_index":"","wp_typography_post_enhancements_disabled":false,"site-sidebar-layout":"no-sidebar","site-content-layout":"","ast-site-content-layout":"full-width-container","site-content-style":"default","site-sidebar-style":"default","ast-global-header-display":"","ast-banner-title-visibility":"","ast-main-header-display":"","ast-hfb-above-header-display":"","ast-hfb-below-header-display":"","ast-hfb-mobile-header-display":"","site-post-title":"disabled","ast-breadcrumbs-content":"","ast-featured-img":"disabled","footer-sml-layout":"","ast-disable-related-posts":"","theme-transparent-header-meta":"","adv-header-id-meta":"","stick-header-meta":"","header-above-stick-meta":"","header-main-stick-meta":"","header-below-stick-meta":"","astra-migrate-meta-layouts":"default","ast-page-background-enabled":"default","ast-page-background-meta":{"desktop":{"background-color":"var(--ast-global-color-4)","background-image":"","background-repeat":"repeat","background-position":"center center","background-size":"auto","background-attachment":"scroll","background-type":"","background-media":"","overlay-type":"","overlay-color":"","overlay-opacity":"","overlay-gradient":""},"tablet":{"background-color":"","background-image":"","background-repeat":"repeat","background-position":"center center","background-size":"auto","background-attachment":"scroll","background-type":"","background-media":"","overlay-type":"","overlay-color":"","overlay-opacity":"","overlay-gradient":""},"mobile":{"background-color":"","background-image":"","background-repeat":"repeat","background-position":"center center","background-size":"auto","background-attachment":"scroll","background-type":"","background-media":"","overlay-type":"","overlay-color":"","overlay-opacity":"","overlay-gradient":""}},"ast-content-background-meta":{"desktop":{"background-color":"var(--ast-global-color-5)","background-image":"","background-repeat":"repeat","background-position":"center center","background-size":"auto","background-attachment":"scroll","background-type":"","background-media":"","overlay-type":"","overlay-color":"","overlay-opacity":"","overlay-gradient":""},"tablet":{"background-color":"var(--ast-global-color-5)","background-image":"","background-repeat":"repeat","background-position":"center center","background-size":"auto","background-attachment":"scroll","background-type":"","background-media":"","overlay-type":"","overlay-color":"","overlay-opacity":"","overlay-gradient":""},"mobile":{"background-color":"var(--ast-global-color-5)","background-image":"","background-repeat":"repeat","background-position":"center center","background-size":"auto","background-attachment":"scroll","background-type":"","background-media":"","overlay-type":"","overlay-color":"","overlay-opacity":"","overlay-gradient":""}},"footnotes":""},"class_list":["post-513","page","type-page","status-publish","hentry"],"_links":{"self":[{"href":"https:\/\/www.thememoryroad.com\/fr\/wp-json\/wp\/v2\/pages\/513","targetHints":{"allow":["GET"]}}],"collection":[{"href":"https:\/\/www.thememoryroad.com\/fr\/wp-json\/wp\/v2\/pages"}],"about":[{"href":"https:\/\/www.thememoryroad.com\/fr\/wp-json\/wp\/v2\/types\/page"}],"author":[{"embeddable":true,"href":"https:\/\/www.thememoryroad.com\/fr\/wp-json\/wp\/v2\/users\/1"}],"replies":[{"embeddable":true,"href":"https:\/\/www.thememoryroad.com\/fr\/wp-json\/wp\/v2\/comments?post=513"}],"version-history":[{"count":6,"href":"https:\/\/www.thememoryroad.com\/fr\/wp-json\/wp\/v2\/pages\/513\/revisions"}],"predecessor-version":[{"id":1288,"href":"https:\/\/www.thememoryroad.com\/fr\/wp-json\/wp\/v2\/pages\/513\/revisions\/1288"}],"wp:attachment":[{"href":"https:\/\/www.thememoryroad.com\/fr\/wp-json\/wp\/v2\/media?parent=513"}],"curies":[{"name":"wp","href":"https:\/\/api.w.org\/{rel}","templated":true}]}}