{"id":505,"date":"2023-11-23T14:53:58","date_gmt":"2023-11-23T14:53:58","guid":{"rendered":"https:\/\/www.thememoryroad.com\/?page_id=505"},"modified":"2024-09-04T18:19:21","modified_gmt":"2024-09-04T16:19:21","slug":"nos-valeurs","status":"publish","type":"page","link":"https:\/\/www.thememoryroad.com\/fr\/nos-valeurs\/","title":{"rendered":"Nos valeurs"},"content":{"rendered":"\t\t<div data-elementor-type=\"wp-page\" data-elementor-id=\"505\" class=\"elementor elementor-505\" data-elementor-settings=\"{&quot;element_pack_global_tooltip_width&quot;:{&quot;unit&quot;:&quot;px&quot;,&quot;size&quot;:&quot;&quot;,&quot;sizes&quot;:[]},&quot;element_pack_global_tooltip_width_tablet&quot;:{&quot;unit&quot;:&quot;px&quot;,&quot;size&quot;:&quot;&quot;,&quot;sizes&quot;:[]},&quot;element_pack_global_tooltip_width_mobile&quot;:{&quot;unit&quot;:&quot;px&quot;,&quot;size&quot;:&quot;&quot;,&quot;sizes&quot;:[]},&quot;element_pack_global_tooltip_padding&quot;:{&quot;unit&quot;:&quot;px&quot;,&quot;top&quot;:&quot;&quot;,&quot;right&quot;:&quot;&quot;,&quot;bottom&quot;:&quot;&quot;,&quot;left&quot;:&quot;&quot;,&quot;isLinked&quot;:true},&quot;element_pack_global_tooltip_padding_tablet&quot;:{&quot;unit&quot;:&quot;px&quot;,&quot;top&quot;:&quot;&quot;,&quot;right&quot;:&quot;&quot;,&quot;bottom&quot;:&quot;&quot;,&quot;left&quot;:&quot;&quot;,&quot;isLinked&quot;:true},&quot;element_pack_global_tooltip_padding_mobile&quot;:{&quot;unit&quot;:&quot;px&quot;,&quot;top&quot;:&quot;&quot;,&quot;right&quot;:&quot;&quot;,&quot;bottom&quot;:&quot;&quot;,&quot;left&quot;:&quot;&quot;,&quot;isLinked&quot;:true},&quot;element_pack_global_tooltip_border_radius&quot;:{&quot;unit&quot;:&quot;px&quot;,&quot;top&quot;:&quot;&quot;,&quot;right&quot;:&quot;&quot;,&quot;bottom&quot;:&quot;&quot;,&quot;left&quot;:&quot;&quot;,&quot;isLinked&quot;:true},&quot;element_pack_global_tooltip_border_radius_tablet&quot;:{&quot;unit&quot;:&quot;px&quot;,&quot;top&quot;:&quot;&quot;,&quot;right&quot;:&quot;&quot;,&quot;bottom&quot;:&quot;&quot;,&quot;left&quot;:&quot;&quot;,&quot;isLinked&quot;:true},&quot;element_pack_global_tooltip_border_radius_mobile&quot;:{&quot;unit&quot;:&quot;px&quot;,&quot;top&quot;:&quot;&quot;,&quot;right&quot;:&quot;&quot;,&quot;bottom&quot;:&quot;&quot;,&quot;left&quot;:&quot;&quot;,&quot;isLinked&quot;:true}}\" data-elementor-post-type=\"page\">\n\t\t\t\t\t\t<section class=\"elementor-section elementor-top-section elementor-element elementor-element-96094f3 elementor-section-height-min-height elementor-section-boxed elementor-section-height-default elementor-section-items-middle\" data-id=\"96094f3\" data-element_type=\"section\" data-e-type=\"section\" data-settings=\"{&quot;background_background&quot;:&quot;classic&quot;}\">\n\t\t\t\t\t\t\t<div class=\"elementor-background-overlay\"><\/div>\n\t\t\t\t\t\t\t<div class=\"elementor-container elementor-column-gap-default\">\n\t\t\t\t\t<div class=\"elementor-column elementor-col-100 elementor-top-column elementor-element elementor-element-b339027\" data-id=\"b339027\" data-element_type=\"column\" data-e-type=\"column\">\n\t\t\t<div class=\"elementor-widget-wrap elementor-element-populated\">\n\t\t\t\t\t\t<div class=\"elementor-element elementor-element-26fa940 elementor-widget elementor-widget-heading\" data-id=\"26fa940\" data-element_type=\"widget\" data-e-type=\"widget\" data-widget_type=\"heading.default\">\n\t\t\t\t<div class=\"elementor-widget-container\">\n\t\t\t\t\t<h1 class=\"elementor-heading-title elementor-size-default\">Nos valeurs<\/h1>\t\t\t\t<\/div>\n\t\t\t\t<\/div>\n\t\t\t\t\t<\/div>\n\t\t<\/div>\n\t\t\t\t\t<\/div>\n\t\t<\/section>\n\t\t\t\t<section class=\"elementor-section elementor-top-section elementor-element elementor-element-71fb05a elementor-section-boxed elementor-section-height-default elementor-section-height-default\" data-id=\"71fb05a\" data-element_type=\"section\" data-e-type=\"section\">\n\t\t\t\t\t\t<div class=\"elementor-container elementor-column-gap-default\">\n\t\t\t\t\t<div class=\"elementor-column elementor-col-100 elementor-top-column elementor-element elementor-element-0368fbc\" data-id=\"0368fbc\" data-element_type=\"column\" data-e-type=\"column\">\n\t\t\t<div class=\"elementor-widget-wrap elementor-element-populated\">\n\t\t\t\t\t\t<div class=\"elementor-element elementor-element-319d928 elementor-widget elementor-widget-heading\" data-id=\"319d928\" data-element_type=\"widget\" data-e-type=\"widget\" data-widget_type=\"heading.default\">\n\t\t\t\t<div class=\"elementor-widget-container\">\n\t\t\t\t\t<h2 class=\"elementor-heading-title elementor-size-default\">700\u2019000 heures Impact, pionnier de l\u2019hospitalit\u00e9 r\u00e9g\u00e9n\u00e9rative.\n<\/h2>\t\t\t\t<\/div>\n\t\t\t\t<\/div>\n\t\t\t\t<div class=\"elementor-element elementor-element-699e14b elementor-widget elementor-widget-text-editor\" data-id=\"699e14b\" data-element_type=\"widget\" data-e-type=\"widget\" data-widget_type=\"text-editor.default\">\n\t\t\t\t<div class=\"elementor-widget-container\">\n\t\t\t\t\t\t\t\t\t<p>L\u2019hospitalit\u00e9 r\u00e9g\u00e9n\u00e9rative est une fa\u00e7on radicalement diff\u00e9rente d\u2019envisager le voyage qui s\u2019\u00e9loigne d\u2019une simple consommation de la destination.<\/p>\n<p>Elle vise \u00e0 r\u00e9aliser pleinement le potentiel de lieux faisant partie de patrimoines culturels et naturels souvent m\u00e9connus.<\/p>\n<p>Elle permet de cr\u00e9er prosp\u00e9rit\u00e9 et bien-\u00eatre des communaut\u00e9s, de pr\u00e9server la m\u00e9moire, de restaurer la nature, et d\u2019offrir au voyageur une occasion de rencontres authentiques avec les populations locales.<\/p>\n<p>L\u2019hospitalit\u00e9 r\u00e9g\u00e9n\u00e9rative proc\u00e8de d\u2019une intention, d\u2019une finalit\u00e9 qui est celle de contribuer \u00e0 la r\u00e9g\u00e9n\u00e9ration des communaut\u00e9s locales et des \u00e9cosyst\u00e8mes, en utilisant l\u2019h\u00f4tellerie pour catalyser des projets tout en mettant en place les conditions de leur autonomie.<\/p>\n<p>Elle contribue aussi \u00e0 faire \u00e9voluer les consciences, dans un rapport diff\u00e9rent \u00e0 l\u2019autre.<\/p>\n<p>Les projets, cocr\u00e9\u00e9s avec les communaut\u00e9s sont fond\u00e9s sur quatre piliers majeurs :<\/p>\n<ul>\n<li>Le d\u00e9veloppement \u00e9conomique local,<\/li>\n<li>L\u2019autonomisation des femmes,<\/li>\n<li>La protection d\u2019un patrimoine culturel menac\u00e9,<\/li>\n<li>La restauration des \u00e9cosyst\u00e8mes naturels fragiles.<\/li>\n<\/ul>\n<p>Quant \u00e0 la partie h\u00f4tellerie, au c\u0153ur du dispositif, elle doit \u00e9galement r\u00e9pondre \u00e0 diff\u00e9rents crit\u00e8res align\u00e9s sur les principes de r\u00e9g\u00e9n\u00e9ration :<\/p>\n<ul>\n<li>Ne pas aller au-del\u00e0 de 5 chambres par village afin de limiter l\u2019impact,<\/li>\n<li>R\u00e9nover des lieux existants plut\u00f4t que d\u2019en construire de nouveaux, et ne pas poss\u00e9der les actifs,<\/li>\n<li>S\u2019appuyer sur les ressources alimentaires et les techniques agricoles locales pour valoriser le patrimoine culinaire du territoire,<\/li>\n<li>Limiter le nombre de r\u00e9servations \u00e0 l\u2019ann\u00e9e pour contr\u00f4ler l\u2019empreinte globale du projet.<\/li>\n<\/ul>\n<p>Nous croyons que l\u2019hospitalit\u00e9 r\u00e9g\u00e9n\u00e9rative doit briser les silos et impliquer tous ceux qui cherchent \u00e0 am\u00e9liorer le bien-\u00eatre des hommes et le futur de la plan\u00e8te : les communaut\u00e9s locales, les gouvernements, les militants pour le climat, les ONG, les institutions de d\u00e9veloppement, les philanthropes et les voyageurs.<\/p>\t\t\t\t\t\t\t\t<\/div>\n\t\t\t\t<\/div>\n\t\t\t\t<div class=\"elementor-element elementor-element-7f85334 elementor-align-center elementor-widget elementor-widget-button\" data-id=\"7f85334\" data-element_type=\"widget\" data-e-type=\"widget\" data-widget_type=\"button.default\">\n\t\t\t\t<div class=\"elementor-widget-container\">\n\t\t\t\t\t\t\t\t\t<div class=\"elementor-button-wrapper\">\n\t\t\t\t\t<a class=\"elementor-button elementor-button-link elementor-size-md\" href=\"mailto:contact@700000heuresimpact.com?subject=Reservation\" target=\"_blank\">\n\t\t\t\t\t\t<span class=\"elementor-button-content-wrapper\">\n\t\t\t\t\t\t\t\t\t<span class=\"elementor-button-text\">R\u00e9servation<\/span>\n\t\t\t\t\t<\/span>\n\t\t\t\t\t<\/a>\n\t\t\t\t<\/div>\n\t\t\t\t\t\t\t\t<\/div>\n\t\t\t\t<\/div>\n\t\t\t\t\t<\/div>\n\t\t<\/div>\n\t\t\t\t\t<\/div>\n\t\t<\/section>\n\t\t\t\t<\/div>\n\t\t","protected":false},"excerpt":{"rendered":"<p>Nos valeurs 700\u2019000 heures Impact, pionnier de l\u2019hospitalit\u00e9 r\u00e9g\u00e9n\u00e9rative. L\u2019hospitalit\u00e9 r\u00e9g\u00e9n\u00e9rative est une fa\u00e7on radicalement diff\u00e9rente d\u2019envisager le voyage qui s\u2019\u00e9loigne d\u2019une simple consommation de la destination. Elle vise \u00e0 r\u00e9aliser pleinement le potentiel de lieux faisant partie de patrimoines culturels et naturels souvent m\u00e9connus. Elle permet de cr\u00e9er prosp\u00e9rit\u00e9 et bien-\u00eatre des communaut\u00e9s, de [\u2026]<\/p>\n","protected":false},"author":1,"featured_media":0,"parent":0,"menu_order":0,"comment_status":"closed","ping_status":"closed","template":"","meta":{"_seopress_robots_primary_cat":"","_seopress_titles_title":"","_seopress_titles_desc":"","_seopress_robots_index":"","wp_typography_post_enhancements_disabled":false,"site-sidebar-layout":"no-sidebar","site-content-layout":"","ast-site-content-layout":"full-width-container","site-content-style":"default","site-sidebar-style":"default","ast-global-header-display":"","ast-banner-title-visibility":"","ast-main-header-display":"","ast-hfb-above-header-display":"","ast-hfb-below-header-display":"","ast-hfb-mobile-header-display":"","site-post-title":"disabled","ast-breadcrumbs-content":"","ast-featured-img":"disabled","footer-sml-layout":"","ast-disable-related-posts":"","theme-transparent-header-meta":"","adv-header-id-meta":"","stick-header-meta":"","header-above-stick-meta":"","header-main-stick-meta":"","header-below-stick-meta":"","astra-migrate-meta-layouts":"default","ast-page-background-enabled":"default","ast-page-background-meta":{"desktop":{"background-color":"var(--ast-global-color-4)","background-image":"","background-repeat":"repeat","background-position":"center center","background-size":"auto","background-attachment":"scroll","background-type":"","background-media":"","overlay-type":"","overlay-color":"","overlay-opacity":"","overlay-gradient":""},"tablet":{"background-color":"","background-image":"","background-repeat":"repeat","background-position":"center center","background-size":"auto","background-attachment":"scroll","background-type":"","background-media":"","overlay-type":"","overlay-color":"","overlay-opacity":"","overlay-gradient":""},"mobile":{"background-color":"","background-image":"","background-repeat":"repeat","background-position":"center center","background-size":"auto","background-attachment":"scroll","background-type":"","background-media":"","overlay-type":"","overlay-color":"","overlay-opacity":"","overlay-gradient":""}},"ast-content-background-meta":{"desktop":{"background-color":"var(--ast-global-color-5)","background-image":"","background-repeat":"repeat","background-position":"center center","background-size":"auto","background-attachment":"scroll","background-type":"","background-media":"","overlay-type":"","overlay-color":"","overlay-opacity":"","overlay-gradient":""},"tablet":{"background-color":"var(--ast-global-color-5)","background-image":"","background-repeat":"repeat","background-position":"center center","background-size":"auto","background-attachment":"scroll","background-type":"","background-media":"","overlay-type":"","overlay-color":"","overlay-opacity":"","overlay-gradient":""},"mobile":{"background-color":"var(--ast-global-color-5)","background-image":"","background-repeat":"repeat","background-position":"center center","background-size":"auto","background-attachment":"scroll","background-type":"","background-media":"","overlay-type":"","overlay-color":"","overlay-opacity":"","overlay-gradient":""}},"footnotes":""},"class_list":["post-505","page","type-page","status-publish","hentry"],"_links":{"self":[{"href":"https:\/\/www.thememoryroad.com\/fr\/wp-json\/wp\/v2\/pages\/505","targetHints":{"allow":["GET"]}}],"collection":[{"href":"https:\/\/www.thememoryroad.com\/fr\/wp-json\/wp\/v2\/pages"}],"about":[{"href":"https:\/\/www.thememoryroad.com\/fr\/wp-json\/wp\/v2\/types\/page"}],"author":[{"embeddable":true,"href":"https:\/\/www.thememoryroad.com\/fr\/wp-json\/wp\/v2\/users\/1"}],"replies":[{"embeddable":true,"href":"https:\/\/www.thememoryroad.com\/fr\/wp-json\/wp\/v2\/comments?post=505"}],"version-history":[{"count":3,"href":"https:\/\/www.thememoryroad.com\/fr\/wp-json\/wp\/v2\/pages\/505\/revisions"}],"predecessor-version":[{"id":1219,"href":"https:\/\/www.thememoryroad.com\/fr\/wp-json\/wp\/v2\/pages\/505\/revisions\/1219"}],"wp:attachment":[{"href":"https:\/\/www.thememoryroad.com\/fr\/wp-json\/wp\/v2\/media?parent=505"}],"curies":[{"name":"wp","href":"https:\/\/api.w.org\/{rel}","templated":true}]}}